{"id":99,"date":"2022-06-21T10:36:07","date_gmt":"2022-06-21T10:36:07","guid":{"rendered":"https:\/\/hotel-montebianco.ms.decms.eu\/?page_id=99"},"modified":"2022-06-21T10:36:07","modified_gmt":"2022-06-21T10:36:07","slug":"chambre-double","status":"publish","type":"page","link":"https:\/\/www.hotelmontebianco.com\/fr\/chambres\/chambre-double\/","title":{"rendered":"Chambre Double"},"content":{"rendered":"<div class=\"col-xs-16\">\n<div class=\"room_detail\">\n<p>Chambre avec lit double ou deux lits jumeaux, meubl\u00e9 avec go\u00fbt pour une atmosph\u00e8re \u00e9l\u00e9gante et relaxante, \u00e9quip\u00e9es avec toutes les commodit\u00e9s n\u00e9cessaires pour assurer un s\u00e9jour agr\u00e9able et relaxant.<\/p>\n<\/div>\n<\/div>\n","protected":false},"excerpt":{"rendered":"<p>Chambre avec lit double ou deux lits jumeaux, meubl\u00e9 avec go\u00fbt pour une atmosph\u00e8re \u00e9l\u00e9gante et relaxante, \u00e9quip\u00e9es avec toutes les commodit\u00e9s n\u00e9cessaires pour assurer un s\u00e9jour agr\u00e9able et relaxant.<\/p>\n","protected":false},"author":13,"featured_media":0,"parent":91,"menu_order":20,"comment_status":"closed","ping_status":"closed","template":"template-single-room.php","meta":{"footnotes":""},"class_list":["post-99","page","type-page","status-publish","hentry"],"yoast_head":"<!-- This site is optimized with the Yoast SEO plugin v26.9 - https:\/\/yoast.com\/product\/yoast-seo-wordpress\/ -->\n<title>Chambre Double - Hotel Montebianco -<\/title>\n<meta name=\"description\" content=\"Chambre avec lit double ou deux lits jumeaux, meubl\u00e9 avec go\u00fbt pour une atmosph\u00e8re \u00e9l\u00e9gante et relaxante, \u00e9quip\u00e9es avec toutes les commodit\u00e9s n\u00e9cessaires pour assurer un s\u00e9jour agr\u00e9able et relaxant.   .\" \/>\n<meta name=\"robots\" content=\"index, follow, max-snippet:-1, max-image-preview:large, max-video-preview:-1\" \/>\n<link rel=\"canonical\" href=\"https:\/\/www.hotelmontebianco.com\/fr\/chambres\/chambre-double\/\" \/>\n<meta property=\"og:locale\" content=\"fr_FR\" \/>\n<meta property=\"og:type\" content=\"article\" \/>\n<meta property=\"og:title\" content=\"Chambre Double - Hotel Montebianco -\" \/>\n<meta property=\"og:description\" content=\"Chambre avec lit double ou deux lits jumeaux, meubl\u00e9 avec go\u00fbt pour une atmosph\u00e8re \u00e9l\u00e9gante et relaxante, \u00e9quip\u00e9es avec toutes les commodit\u00e9s n\u00e9cessaires pour assurer un s\u00e9jour agr\u00e9able et relaxant.   .\" \/>\n<meta property=\"og:url\" content=\"https:\/\/www.hotelmontebianco.com\/fr\/chambres\/chambre-double\/\" \/>\n<meta property=\"og:site_name\" content=\"Hotel Montebianco\" \/>\n<meta property=\"og:image\" content=\"https:\/\/www.hotelmontebianco.com\/wp-content\/uploads\/sites\/459\/2022\/06\/hotel_montebianco_home_slide01.jpg\" \/>\n\t<meta property=\"og:image:width\" content=\"2200\" \/>\n\t<meta property=\"og:image:height\" content=\"1200\" \/>\n\t<meta property=\"og:image:type\" content=\"image\/jpeg\" \/>\n<meta name=\"twitter:card\" content=\"summary_large_image\" \/>\n<script type=\"application\/ld+json\" class=\"yoast-schema-graph\">{\"@context\":\"https:\/\/schema.org\",\"@graph\":[{\"@type\":\"WebPage\",\"@id\":\"https:\/\/www.hotelmontebianco.com\/fr\/chambres\/chambre-double\/\",\"url\":\"https:\/\/www.hotelmontebianco.com\/fr\/chambres\/chambre-double\/\",\"name\":\"Chambre Double - Hotel Montebianco -\",\"isPartOf\":{\"@id\":\"https:\/\/www.hotelmontebianco.com\/fr\/#website\"},\"datePublished\":\"2022-06-21T10:36:07+00:00\",\"description\":\"Chambre avec lit double ou deux lits jumeaux, meubl\u00e9 avec go\u00fbt pour une atmosph\u00e8re \u00e9l\u00e9gante et relaxante, \u00e9quip\u00e9es avec toutes les commodit\u00e9s n\u00e9cessaires pour assurer un s\u00e9jour agr\u00e9able et relaxant. .\",\"breadcrumb\":{\"@id\":\"https:\/\/www.hotelmontebianco.com\/fr\/chambres\/chambre-double\/#breadcrumb\"},\"inLanguage\":\"fr-FR\",\"potentialAction\":[{\"@type\":\"ReadAction\",\"target\":[\"https:\/\/www.hotelmontebianco.com\/fr\/chambres\/chambre-double\/\"]}]},{\"@type\":\"BreadcrumbList\",\"@id\":\"https:\/\/www.hotelmontebianco.com\/fr\/chambres\/chambre-double\/#breadcrumb\",\"itemListElement\":[{\"@type\":\"ListItem\",\"position\":1,\"name\":\"Home\",\"item\":\"https:\/\/www.hotelmontebianco.com\/fr\/\"},{\"@type\":\"ListItem\",\"position\":2,\"name\":\"Chambres\",\"item\":\"https:\/\/www.hotelmontebianco.com\/fr\/chambres\/\"},{\"@type\":\"ListItem\",\"position\":3,\"name\":\"Chambre Double\"}]},{\"@type\":\"WebSite\",\"@id\":\"https:\/\/www.hotelmontebianco.com\/fr\/#website\",\"url\":\"https:\/\/www.hotelmontebianco.com\/fr\/\",\"name\":\"Hotel Montebianco\",\"description\":\"Just another ms.decms.eu site\",\"potentialAction\":[{\"@type\":\"SearchAction\",\"target\":{\"@type\":\"EntryPoint\",\"urlTemplate\":\"https:\/\/www.hotelmontebianco.com\/fr\/?s={search_term_string}\"},\"query-input\":{\"@type\":\"PropertyValueSpecification\",\"valueRequired\":true,\"valueName\":\"search_term_string\"}}],\"inLanguage\":\"fr-FR\"}]}<\/script>\n<!-- \/ Yoast SEO plugin. -->","yoast_head_json":{"title":"Chambre Double - Hotel Montebianco -","description":"Chambre avec lit double ou deux lits jumeaux, meubl\u00e9 avec go\u00fbt pour une atmosph\u00e8re \u00e9l\u00e9gante et relaxante, \u00e9quip\u00e9es avec toutes les commodit\u00e9s n\u00e9cessaires pour assurer un s\u00e9jour agr\u00e9able et relaxant.   .","robots":{"index":"index","follow":"follow","max-snippet":"max-snippet:-1","max-image-preview":"max-image-preview:large","max-video-preview":"max-video-preview:-1"},"canonical":"https:\/\/www.hotelmontebianco.com\/fr\/chambres\/chambre-double\/","og_locale":"fr_FR","og_type":"article","og_title":"Chambre Double - Hotel Montebianco -","og_description":"Chambre avec lit double ou deux lits jumeaux, meubl\u00e9 avec go\u00fbt pour une atmosph\u00e8re \u00e9l\u00e9gante et relaxante, \u00e9quip\u00e9es avec toutes les commodit\u00e9s n\u00e9cessaires pour assurer un s\u00e9jour agr\u00e9able et relaxant.   .","og_url":"https:\/\/www.hotelmontebianco.com\/fr\/chambres\/chambre-double\/","og_site_name":"Hotel Montebianco","og_image":[{"width":2200,"height":1200,"url":"https:\/\/www.hotelmontebianco.com\/wp-content\/uploads\/sites\/459\/2022\/06\/hotel_montebianco_home_slide01.jpg","type":"image\/jpeg"}],"twitter_card":"summary_large_image","schema":{"@context":"https:\/\/schema.org","@graph":[{"@type":"WebPage","@id":"https:\/\/www.hotelmontebianco.com\/fr\/chambres\/chambre-double\/","url":"https:\/\/www.hotelmontebianco.com\/fr\/chambres\/chambre-double\/","name":"Chambre Double - Hotel Montebianco -","isPartOf":{"@id":"https:\/\/www.hotelmontebianco.com\/fr\/#website"},"datePublished":"2022-06-21T10:36:07+00:00","description":"Chambre avec lit double ou deux lits jumeaux, meubl\u00e9 avec go\u00fbt pour une atmosph\u00e8re \u00e9l\u00e9gante et relaxante, \u00e9quip\u00e9es avec toutes les commodit\u00e9s n\u00e9cessaires pour assurer un s\u00e9jour agr\u00e9able et relaxant. .","breadcrumb":{"@id":"https:\/\/www.hotelmontebianco.com\/fr\/chambres\/chambre-double\/#breadcrumb"},"inLanguage":"fr-FR","potentialAction":[{"@type":"ReadAction","target":["https:\/\/www.hotelmontebianco.com\/fr\/chambres\/chambre-double\/"]}]},{"@type":"BreadcrumbList","@id":"https:\/\/www.hotelmontebianco.com\/fr\/chambres\/chambre-double\/#breadcrumb","itemListElement":[{"@type":"ListItem","position":1,"name":"Home","item":"https:\/\/www.hotelmontebianco.com\/fr\/"},{"@type":"ListItem","position":2,"name":"Chambres","item":"https:\/\/www.hotelmontebianco.com\/fr\/chambres\/"},{"@type":"ListItem","position":3,"name":"Chambre Double"}]},{"@type":"WebSite","@id":"https:\/\/www.hotelmontebianco.com\/fr\/#website","url":"https:\/\/www.hotelmontebianco.com\/fr\/","name":"Hotel Montebianco","description":"Just another ms.decms.eu site","potentialAction":[{"@type":"SearchAction","target":{"@type":"EntryPoint","urlTemplate":"https:\/\/www.hotelmontebianco.com\/fr\/?s={search_term_string}"},"query-input":{"@type":"PropertyValueSpecification","valueRequired":true,"valueName":"search_term_string"}}],"inLanguage":"fr-FR"}]}},"acf":[],"_links":{"self":[{"href":"https:\/\/www.hotelmontebianco.com\/fr\/wp-json\/wp\/v2\/pages\/99","targetHints":{"allow":["GET"]}}],"collection":[{"href":"https:\/\/www.hotelmontebianco.com\/fr\/wp-json\/wp\/v2\/pages"}],"about":[{"href":"https:\/\/www.hotelmontebianco.com\/fr\/wp-json\/wp\/v2\/types\/page"}],"author":[{"embeddable":true,"href":"https:\/\/www.hotelmontebianco.com\/fr\/wp-json\/wp\/v2\/users\/13"}],"replies":[{"embeddable":true,"href":"https:\/\/www.hotelmontebianco.com\/fr\/wp-json\/wp\/v2\/comments?post=99"}],"version-history":[{"count":0,"href":"https:\/\/www.hotelmontebianco.com\/fr\/wp-json\/wp\/v2\/pages\/99\/revisions"}],"up":[{"embeddable":true,"href":"https:\/\/www.hotelmontebianco.com\/fr\/wp-json\/wp\/v2\/pages\/91"}],"wp:attachment":[{"href":"https:\/\/www.hotelmontebianco.com\/fr\/wp-json\/wp\/v2\/media?parent=99"}],"curies":[{"name":"wp","href":"https:\/\/api.w.org\/{rel}","templated":true}]}}