{"id":6,"date":"2022-06-09T14:24:38","date_gmt":"2022-06-09T14:24:38","guid":{"rendered":"https:\/\/hotel-montebianco.ms.decms.eu\/?page_id=6"},"modified":"2022-08-17T09:17:35","modified_gmt":"2022-08-17T09:17:35","slug":"hotel-montebianco","status":"publish","type":"page","link":"https:\/\/www.hotelmontebianco.com\/fr\/","title":{"rendered":"H\u00f4tel Montebianco"},"content":{"rendered":"<p>Montebianco H\u00f4tel est \u00e9quip\u00e9 de tout le confort et des salles de r\u00e9union, un grand parking priv\u00e9 et s\u00e9curis\u00e9.<\/p>\n<p>Petit d\u00e9jeuner copieux Grand Buffet est ce qu&rsquo;il faut pour affronter la journ\u00e9e. Vous serez surpris par la vari\u00e9t\u00e9 des articles sur la table du buffet.<\/p>\n<p>Pas besoin de se rendre \u00e0 la gare centrale \u00e0 l&rsquo;a\u00e9roport de Malpensa, \u00e0 quelques pas de l&rsquo;h\u00f4tel \u00e0 Malpensa arr\u00eat du bus navette directement \u00e0 l&rsquo;a\u00e9roport.<\/p>\n","protected":false},"excerpt":{"rendered":"<p>Montebianco H\u00f4tel est \u00e9quip\u00e9 de tout le confort et des salles de r\u00e9union, un grand parking priv\u00e9 et s\u00e9curis\u00e9. Petit d\u00e9jeuner copieux Grand Buffet est ce qu&rsquo;il faut pour affronter la journ\u00e9e. Vous serez surpris par la vari\u00e9t\u00e9 des articles sur la table du buffet. Pas besoin de se rendre \u00e0 la gare centrale \u00e0 [&hellip;]<\/p>\n","protected":false},"author":36,"featured_media":0,"parent":0,"menu_order":0,"comment_status":"closed","ping_status":"closed","template":"","meta":{"footnotes":""},"class_list":["post-6","page","type-page","status-publish","hentry"],"yoast_head":"<!-- This site is optimized with the Yoast SEO plugin v26.9 - https:\/\/yoast.com\/product\/yoast-seo-wordpress\/ -->\n<title>H\u00f4tel Montebianco - l&#039;emplacement id\u00e9al au centre de Milan<\/title>\n<meta name=\"description\" content=\"Montebianco H\u00f4tel est \u00e9quip\u00e9 de tout le confort et des salles de r\u00e9union, un grand parking priv\u00e9 et s\u00e9curis\u00e9.  Petit d\u00e9jeuner copieux Grand Buffet est ce qu&#039;il faut pour affronter la journ\u00e9e. Vous serez surpris par la vari\u00e9t\u00e9 des articles sur la table du buffet.  Pas besoin de se rendre \u00e0 la gare centrale \u00e0 l&#039;a\u00e9roport de Malpensa, \u00e0 quelques pas de l&#039;h\u00f4tel \u00e0 Malpensa arr\u00eat du bus navette directement \u00e0 l&#039;a\u00e9roport.\" \/>\n<meta name=\"robots\" content=\"index, follow, max-snippet:-1, max-image-preview:large, max-video-preview:-1\" \/>\n<link rel=\"canonical\" href=\"https:\/\/www.hotelmontebianco.com\/fr\/\" \/>\n<meta property=\"og:locale\" content=\"fr_FR\" \/>\n<meta property=\"og:type\" content=\"article\" \/>\n<meta property=\"og:title\" content=\"H\u00f4tel Montebianco - l&#039;emplacement id\u00e9al au centre de Milan\" \/>\n<meta property=\"og:description\" content=\"Montebianco H\u00f4tel est \u00e9quip\u00e9 de tout le confort et des salles de r\u00e9union, un grand parking priv\u00e9 et s\u00e9curis\u00e9.  Petit d\u00e9jeuner copieux Grand Buffet est ce qu&#039;il faut pour affronter la journ\u00e9e. Vous serez surpris par la vari\u00e9t\u00e9 des articles sur la table du buffet.  Pas besoin de se rendre \u00e0 la gare centrale \u00e0 l&#039;a\u00e9roport de Malpensa, \u00e0 quelques pas de l&#039;h\u00f4tel \u00e0 Malpensa arr\u00eat du bus navette directement \u00e0 l&#039;a\u00e9roport.\" \/>\n<meta property=\"og:url\" content=\"https:\/\/www.hotelmontebianco.com\/fr\/\" \/>\n<meta property=\"og:site_name\" content=\"Hotel Montebianco\" \/>\n<meta property=\"article:modified_time\" content=\"2022-08-17T09:17:35+00:00\" \/>\n<meta property=\"og:image\" content=\"https:\/\/www.hotelmontebianco.com\/wp-content\/uploads\/sites\/459\/2022\/06\/hotel_montebianco_home_slide01.jpg\" \/>\n\t<meta property=\"og:image:width\" content=\"2200\" \/>\n\t<meta property=\"og:image:height\" content=\"1200\" \/>\n\t<meta property=\"og:image:type\" content=\"image\/jpeg\" \/>\n<meta name=\"twitter:card\" content=\"summary_large_image\" \/>\n<script type=\"application\/ld+json\" class=\"yoast-schema-graph\">{\"@context\":\"https:\/\/schema.org\",\"@graph\":[{\"@type\":\"WebPage\",\"@id\":\"https:\/\/www.hotelmontebianco.com\/fr\/\",\"url\":\"https:\/\/www.hotelmontebianco.com\/fr\/\",\"name\":\"H\u00f4tel Montebianco - l'emplacement id\u00e9al au centre de Milan\",\"isPartOf\":{\"@id\":\"https:\/\/www.hotelmontebianco.com\/fr\/#website\"},\"datePublished\":\"2022-06-09T14:24:38+00:00\",\"dateModified\":\"2022-08-17T09:17:35+00:00\",\"description\":\"Montebianco H\u00f4tel est \u00e9quip\u00e9 de tout le confort et des salles de r\u00e9union, un grand parking priv\u00e9 et s\u00e9curis\u00e9. Petit d\u00e9jeuner copieux Grand Buffet est ce qu'il faut pour affronter la journ\u00e9e. Vous serez surpris par la vari\u00e9t\u00e9 des articles sur la table du buffet. Pas besoin de se rendre \u00e0 la gare centrale \u00e0 l'a\u00e9roport de Malpensa, \u00e0 quelques pas de l'h\u00f4tel \u00e0 Malpensa arr\u00eat du bus navette directement \u00e0 l'a\u00e9roport.\",\"breadcrumb\":{\"@id\":\"https:\/\/www.hotelmontebianco.com\/fr\/#breadcrumb\"},\"inLanguage\":\"fr-FR\",\"potentialAction\":[{\"@type\":\"ReadAction\",\"target\":[\"https:\/\/www.hotelmontebianco.com\/fr\/\"]}]},{\"@type\":\"BreadcrumbList\",\"@id\":\"https:\/\/www.hotelmontebianco.com\/fr\/#breadcrumb\",\"itemListElement\":[{\"@type\":\"ListItem\",\"position\":1,\"name\":\"Home\",\"item\":\"https:\/\/www.hotelmontebianco.com\/fr\/\"},{\"@type\":\"ListItem\",\"position\":2,\"name\":\"H\u00f4tel Montebianco\"}]},{\"@type\":\"WebSite\",\"@id\":\"https:\/\/www.hotelmontebianco.com\/fr\/#website\",\"url\":\"https:\/\/www.hotelmontebianco.com\/fr\/\",\"name\":\"Hotel Montebianco\",\"description\":\"Just another ms.decms.eu site\",\"potentialAction\":[{\"@type\":\"SearchAction\",\"target\":{\"@type\":\"EntryPoint\",\"urlTemplate\":\"https:\/\/www.hotelmontebianco.com\/fr\/?s={search_term_string}\"},\"query-input\":{\"@type\":\"PropertyValueSpecification\",\"valueRequired\":true,\"valueName\":\"search_term_string\"}}],\"inLanguage\":\"fr-FR\"}]}<\/script>\n<!-- \/ Yoast SEO plugin. -->","yoast_head_json":{"title":"H\u00f4tel Montebianco - l'emplacement id\u00e9al au centre de Milan","description":"Montebianco H\u00f4tel est \u00e9quip\u00e9 de tout le confort et des salles de r\u00e9union, un grand parking priv\u00e9 et s\u00e9curis\u00e9.  Petit d\u00e9jeuner copieux Grand Buffet est ce qu'il faut pour affronter la journ\u00e9e. Vous serez surpris par la vari\u00e9t\u00e9 des articles sur la table du buffet.  Pas besoin de se rendre \u00e0 la gare centrale \u00e0 l'a\u00e9roport de Malpensa, \u00e0 quelques pas de l'h\u00f4tel \u00e0 Malpensa arr\u00eat du bus navette directement \u00e0 l'a\u00e9roport.","robots":{"index":"index","follow":"follow","max-snippet":"max-snippet:-1","max-image-preview":"max-image-preview:large","max-video-preview":"max-video-preview:-1"},"canonical":"https:\/\/www.hotelmontebianco.com\/fr\/","og_locale":"fr_FR","og_type":"article","og_title":"H\u00f4tel Montebianco - l'emplacement id\u00e9al au centre de Milan","og_description":"Montebianco H\u00f4tel est \u00e9quip\u00e9 de tout le confort et des salles de r\u00e9union, un grand parking priv\u00e9 et s\u00e9curis\u00e9.  Petit d\u00e9jeuner copieux Grand Buffet est ce qu'il faut pour affronter la journ\u00e9e. Vous serez surpris par la vari\u00e9t\u00e9 des articles sur la table du buffet.  Pas besoin de se rendre \u00e0 la gare centrale \u00e0 l'a\u00e9roport de Malpensa, \u00e0 quelques pas de l'h\u00f4tel \u00e0 Malpensa arr\u00eat du bus navette directement \u00e0 l'a\u00e9roport.","og_url":"https:\/\/www.hotelmontebianco.com\/fr\/","og_site_name":"Hotel Montebianco","article_modified_time":"2022-08-17T09:17:35+00:00","og_image":[{"width":2200,"height":1200,"url":"https:\/\/www.hotelmontebianco.com\/wp-content\/uploads\/sites\/459\/2022\/06\/hotel_montebianco_home_slide01.jpg","type":"image\/jpeg"}],"twitter_card":"summary_large_image","schema":{"@context":"https:\/\/schema.org","@graph":[{"@type":"WebPage","@id":"https:\/\/www.hotelmontebianco.com\/fr\/","url":"https:\/\/www.hotelmontebianco.com\/fr\/","name":"H\u00f4tel Montebianco - l'emplacement id\u00e9al au centre de Milan","isPartOf":{"@id":"https:\/\/www.hotelmontebianco.com\/fr\/#website"},"datePublished":"2022-06-09T14:24:38+00:00","dateModified":"2022-08-17T09:17:35+00:00","description":"Montebianco H\u00f4tel est \u00e9quip\u00e9 de tout le confort et des salles de r\u00e9union, un grand parking priv\u00e9 et s\u00e9curis\u00e9. Petit d\u00e9jeuner copieux Grand Buffet est ce qu'il faut pour affronter la journ\u00e9e. Vous serez surpris par la vari\u00e9t\u00e9 des articles sur la table du buffet. Pas besoin de se rendre \u00e0 la gare centrale \u00e0 l'a\u00e9roport de Malpensa, \u00e0 quelques pas de l'h\u00f4tel \u00e0 Malpensa arr\u00eat du bus navette directement \u00e0 l'a\u00e9roport.","breadcrumb":{"@id":"https:\/\/www.hotelmontebianco.com\/fr\/#breadcrumb"},"inLanguage":"fr-FR","potentialAction":[{"@type":"ReadAction","target":["https:\/\/www.hotelmontebianco.com\/fr\/"]}]},{"@type":"BreadcrumbList","@id":"https:\/\/www.hotelmontebianco.com\/fr\/#breadcrumb","itemListElement":[{"@type":"ListItem","position":1,"name":"Home","item":"https:\/\/www.hotelmontebianco.com\/fr\/"},{"@type":"ListItem","position":2,"name":"H\u00f4tel Montebianco"}]},{"@type":"WebSite","@id":"https:\/\/www.hotelmontebianco.com\/fr\/#website","url":"https:\/\/www.hotelmontebianco.com\/fr\/","name":"Hotel Montebianco","description":"Just another ms.decms.eu site","potentialAction":[{"@type":"SearchAction","target":{"@type":"EntryPoint","urlTemplate":"https:\/\/www.hotelmontebianco.com\/fr\/?s={search_term_string}"},"query-input":{"@type":"PropertyValueSpecification","valueRequired":true,"valueName":"search_term_string"}}],"inLanguage":"fr-FR"}]}},"acf":[],"_links":{"self":[{"href":"https:\/\/www.hotelmontebianco.com\/fr\/wp-json\/wp\/v2\/pages\/6","targetHints":{"allow":["GET"]}}],"collection":[{"href":"https:\/\/www.hotelmontebianco.com\/fr\/wp-json\/wp\/v2\/pages"}],"about":[{"href":"https:\/\/www.hotelmontebianco.com\/fr\/wp-json\/wp\/v2\/types\/page"}],"author":[{"embeddable":true,"href":"https:\/\/www.hotelmontebianco.com\/fr\/wp-json\/wp\/v2\/users\/36"}],"replies":[{"embeddable":true,"href":"https:\/\/www.hotelmontebianco.com\/fr\/wp-json\/wp\/v2\/comments?post=6"}],"version-history":[{"count":0,"href":"https:\/\/www.hotelmontebianco.com\/fr\/wp-json\/wp\/v2\/pages\/6\/revisions"}],"wp:attachment":[{"href":"https:\/\/www.hotelmontebianco.com\/fr\/wp-json\/wp\/v2\/media?parent=6"}],"curies":[{"name":"wp","href":"https:\/\/api.w.org\/{rel}","templated":true}]}}