{"id":5,"date":"2022-06-09T14:24:43","date_gmt":"2022-06-09T14:24:43","guid":{"rendered":"https:\/\/hotel-montebianco.ms.decms.eu\/?page_id=5"},"modified":"2022-08-17T09:12:47","modified_gmt":"2022-08-17T09:12:47","slug":"hotel-montebianco","status":"publish","type":"page","link":"https:\/\/www.hotelmontebianco.com\/de\/","title":{"rendered":"Hotel Montebianco"},"content":{"rendered":"<p>Montebianco Hotel mit allem Komfort und Tagungsr\u00e4ume, einen gro\u00dfen privaten und sicheren Parkplatz.<\/p>\n<p>Herzhaftes Fr\u00fchst\u00fcck Grand Buffet ist, was es braucht, um den Tag zu stellen. Sie werden von der Vielfalt der Einzelteile auf dem Buffettisch \u00fcberrascht sein.<\/p>\n<p>Keine Notwendigkeit, zum Hauptbahnhof zum Flughafen Malpensa zu bekommen, einen kurzen Spaziergang vom Hotel zum Malpensa Shuttle -Bus direkt zum Flughafen zu stoppen.<\/p>\n","protected":false},"excerpt":{"rendered":"<p>Montebianco Hotel mit allem Komfort und Tagungsr\u00e4ume, einen gro\u00dfen privaten und sicheren Parkplatz. Herzhaftes Fr\u00fchst\u00fcck Grand Buffet ist, was es braucht, um den Tag zu stellen. Sie werden von der Vielfalt der Einzelteile auf dem Buffettisch \u00fcberrascht sein. Keine Notwendigkeit, zum Hauptbahnhof zum Flughafen Malpensa zu bekommen, einen kurzen Spaziergang vom Hotel zum Malpensa Shuttle [&hellip;]<\/p>\n","protected":false},"author":36,"featured_media":0,"parent":0,"menu_order":0,"comment_status":"closed","ping_status":"closed","template":"","meta":{"footnotes":""},"class_list":["post-5","page","type-page","status-publish","hentry"],"yoast_head":"<!-- This site is optimized with the Yoast SEO plugin v26.9 - https:\/\/yoast.com\/product\/yoast-seo-wordpress\/ -->\n<title>Montebianco Hotel - die perfekte Lage im Zentrum von Mailand<\/title>\n<meta name=\"description\" content=\"Montebianco Hotel mit allem Komfort und Tagungsr\u00e4ume, einen gro\u00dfen privaten und sicheren Parkplatz.  Herzhaftes Fr\u00fchst\u00fcck Grand Buffet ist, was es braucht, um den Tag zu stellen. Sie werden von der Vielfalt der Einzelteile auf dem Buffettisch \u00fcberrascht sein.  Keine Notwendigkeit, zum Hauptbahnhof zum Flughafen Malpensa zu bekommen, einen kurzen Spaziergang vom Hotel zum Malpensa Shuttle -Bus direkt zum Flughafen zu stoppen.\" \/>\n<meta name=\"robots\" content=\"index, follow, max-snippet:-1, max-image-preview:large, max-video-preview:-1\" \/>\n<link rel=\"canonical\" href=\"https:\/\/www.hotelmontebianco.com\/de\/\" \/>\n<meta property=\"og:locale\" content=\"de_DE\" \/>\n<meta property=\"og:type\" content=\"article\" \/>\n<meta property=\"og:title\" content=\"Montebianco Hotel - die perfekte Lage im Zentrum von Mailand\" \/>\n<meta property=\"og:description\" content=\"Montebianco Hotel mit allem Komfort und Tagungsr\u00e4ume, einen gro\u00dfen privaten und sicheren Parkplatz.  Herzhaftes Fr\u00fchst\u00fcck Grand Buffet ist, was es braucht, um den Tag zu stellen. Sie werden von der Vielfalt der Einzelteile auf dem Buffettisch \u00fcberrascht sein.  Keine Notwendigkeit, zum Hauptbahnhof zum Flughafen Malpensa zu bekommen, einen kurzen Spaziergang vom Hotel zum Malpensa Shuttle -Bus direkt zum Flughafen zu stoppen.\" \/>\n<meta property=\"og:url\" content=\"https:\/\/www.hotelmontebianco.com\/de\/\" \/>\n<meta property=\"og:site_name\" content=\"Hotel Montebianco\" \/>\n<meta property=\"article:modified_time\" content=\"2022-08-17T09:12:47+00:00\" \/>\n<meta property=\"og:image\" content=\"https:\/\/www.hotelmontebianco.com\/wp-content\/uploads\/sites\/459\/2022\/06\/hotel_montebianco_home_slide01.jpg\" \/>\n\t<meta property=\"og:image:width\" content=\"2200\" \/>\n\t<meta property=\"og:image:height\" content=\"1200\" \/>\n\t<meta property=\"og:image:type\" content=\"image\/jpeg\" \/>\n<meta name=\"twitter:card\" content=\"summary_large_image\" \/>\n<meta name=\"twitter:label1\" content=\"Gesch\u00e4tzte Lesezeit\" \/>\n\t<meta name=\"twitter:data1\" content=\"1 Minute\" \/>\n<script type=\"application\/ld+json\" class=\"yoast-schema-graph\">{\"@context\":\"https:\/\/schema.org\",\"@graph\":[{\"@type\":\"WebPage\",\"@id\":\"https:\/\/www.hotelmontebianco.com\/de\/\",\"url\":\"https:\/\/www.hotelmontebianco.com\/de\/\",\"name\":\"Montebianco Hotel - die perfekte Lage im Zentrum von Mailand\",\"isPartOf\":{\"@id\":\"https:\/\/www.hotelmontebianco.com\/de\/#website\"},\"datePublished\":\"2022-06-09T14:24:43+00:00\",\"dateModified\":\"2022-08-17T09:12:47+00:00\",\"description\":\"Montebianco Hotel mit allem Komfort und Tagungsr\u00e4ume, einen gro\u00dfen privaten und sicheren Parkplatz. Herzhaftes Fr\u00fchst\u00fcck Grand Buffet ist, was es braucht, um den Tag zu stellen. Sie werden von der Vielfalt der Einzelteile auf dem Buffettisch \u00fcberrascht sein. Keine Notwendigkeit, zum Hauptbahnhof zum Flughafen Malpensa zu bekommen, einen kurzen Spaziergang vom Hotel zum Malpensa Shuttle -Bus direkt zum Flughafen zu stoppen.\",\"breadcrumb\":{\"@id\":\"https:\/\/www.hotelmontebianco.com\/de\/#breadcrumb\"},\"inLanguage\":\"de-DE\",\"potentialAction\":[{\"@type\":\"ReadAction\",\"target\":[\"https:\/\/www.hotelmontebianco.com\/de\/\"]}]},{\"@type\":\"BreadcrumbList\",\"@id\":\"https:\/\/www.hotelmontebianco.com\/de\/#breadcrumb\",\"itemListElement\":[{\"@type\":\"ListItem\",\"position\":1,\"name\":\"Home\",\"item\":\"https:\/\/www.hotelmontebianco.com\/de\/\"},{\"@type\":\"ListItem\",\"position\":2,\"name\":\"Hotel Montebianco\"}]},{\"@type\":\"WebSite\",\"@id\":\"https:\/\/www.hotelmontebianco.com\/de\/#website\",\"url\":\"https:\/\/www.hotelmontebianco.com\/de\/\",\"name\":\"Hotel Montebianco\",\"description\":\"Just another ms.decms.eu site\",\"potentialAction\":[{\"@type\":\"SearchAction\",\"target\":{\"@type\":\"EntryPoint\",\"urlTemplate\":\"https:\/\/www.hotelmontebianco.com\/de\/?s={search_term_string}\"},\"query-input\":{\"@type\":\"PropertyValueSpecification\",\"valueRequired\":true,\"valueName\":\"search_term_string\"}}],\"inLanguage\":\"de-DE\"}]}<\/script>\n<!-- \/ Yoast SEO plugin. -->","yoast_head_json":{"title":"Montebianco Hotel - die perfekte Lage im Zentrum von Mailand","description":"Montebianco Hotel mit allem Komfort und Tagungsr\u00e4ume, einen gro\u00dfen privaten und sicheren Parkplatz.  Herzhaftes Fr\u00fchst\u00fcck Grand Buffet ist, was es braucht, um den Tag zu stellen. Sie werden von der Vielfalt der Einzelteile auf dem Buffettisch \u00fcberrascht sein.  Keine Notwendigkeit, zum Hauptbahnhof zum Flughafen Malpensa zu bekommen, einen kurzen Spaziergang vom Hotel zum Malpensa Shuttle -Bus direkt zum Flughafen zu stoppen.","robots":{"index":"index","follow":"follow","max-snippet":"max-snippet:-1","max-image-preview":"max-image-preview:large","max-video-preview":"max-video-preview:-1"},"canonical":"https:\/\/www.hotelmontebianco.com\/de\/","og_locale":"de_DE","og_type":"article","og_title":"Montebianco Hotel - die perfekte Lage im Zentrum von Mailand","og_description":"Montebianco Hotel mit allem Komfort und Tagungsr\u00e4ume, einen gro\u00dfen privaten und sicheren Parkplatz.  Herzhaftes Fr\u00fchst\u00fcck Grand Buffet ist, was es braucht, um den Tag zu stellen. Sie werden von der Vielfalt der Einzelteile auf dem Buffettisch \u00fcberrascht sein.  Keine Notwendigkeit, zum Hauptbahnhof zum Flughafen Malpensa zu bekommen, einen kurzen Spaziergang vom Hotel zum Malpensa Shuttle -Bus direkt zum Flughafen zu stoppen.","og_url":"https:\/\/www.hotelmontebianco.com\/de\/","og_site_name":"Hotel Montebianco","article_modified_time":"2022-08-17T09:12:47+00:00","og_image":[{"width":2200,"height":1200,"url":"https:\/\/www.hotelmontebianco.com\/wp-content\/uploads\/sites\/459\/2022\/06\/hotel_montebianco_home_slide01.jpg","type":"image\/jpeg"}],"twitter_card":"summary_large_image","twitter_misc":{"Gesch\u00e4tzte Lesezeit":"1 Minute"},"schema":{"@context":"https:\/\/schema.org","@graph":[{"@type":"WebPage","@id":"https:\/\/www.hotelmontebianco.com\/de\/","url":"https:\/\/www.hotelmontebianco.com\/de\/","name":"Montebianco Hotel - die perfekte Lage im Zentrum von Mailand","isPartOf":{"@id":"https:\/\/www.hotelmontebianco.com\/de\/#website"},"datePublished":"2022-06-09T14:24:43+00:00","dateModified":"2022-08-17T09:12:47+00:00","description":"Montebianco Hotel mit allem Komfort und Tagungsr\u00e4ume, einen gro\u00dfen privaten und sicheren Parkplatz. Herzhaftes Fr\u00fchst\u00fcck Grand Buffet ist, was es braucht, um den Tag zu stellen. Sie werden von der Vielfalt der Einzelteile auf dem Buffettisch \u00fcberrascht sein. Keine Notwendigkeit, zum Hauptbahnhof zum Flughafen Malpensa zu bekommen, einen kurzen Spaziergang vom Hotel zum Malpensa Shuttle -Bus direkt zum Flughafen zu stoppen.","breadcrumb":{"@id":"https:\/\/www.hotelmontebianco.com\/de\/#breadcrumb"},"inLanguage":"de-DE","potentialAction":[{"@type":"ReadAction","target":["https:\/\/www.hotelmontebianco.com\/de\/"]}]},{"@type":"BreadcrumbList","@id":"https:\/\/www.hotelmontebianco.com\/de\/#breadcrumb","itemListElement":[{"@type":"ListItem","position":1,"name":"Home","item":"https:\/\/www.hotelmontebianco.com\/de\/"},{"@type":"ListItem","position":2,"name":"Hotel Montebianco"}]},{"@type":"WebSite","@id":"https:\/\/www.hotelmontebianco.com\/de\/#website","url":"https:\/\/www.hotelmontebianco.com\/de\/","name":"Hotel Montebianco","description":"Just another ms.decms.eu site","potentialAction":[{"@type":"SearchAction","target":{"@type":"EntryPoint","urlTemplate":"https:\/\/www.hotelmontebianco.com\/de\/?s={search_term_string}"},"query-input":{"@type":"PropertyValueSpecification","valueRequired":true,"valueName":"search_term_string"}}],"inLanguage":"de-DE"}]}},"acf":[],"_links":{"self":[{"href":"https:\/\/www.hotelmontebianco.com\/de\/wp-json\/wp\/v2\/pages\/5","targetHints":{"allow":["GET"]}}],"collection":[{"href":"https:\/\/www.hotelmontebianco.com\/de\/wp-json\/wp\/v2\/pages"}],"about":[{"href":"https:\/\/www.hotelmontebianco.com\/de\/wp-json\/wp\/v2\/types\/page"}],"author":[{"embeddable":true,"href":"https:\/\/www.hotelmontebianco.com\/de\/wp-json\/wp\/v2\/users\/36"}],"replies":[{"embeddable":true,"href":"https:\/\/www.hotelmontebianco.com\/de\/wp-json\/wp\/v2\/comments?post=5"}],"version-history":[{"count":0,"href":"https:\/\/www.hotelmontebianco.com\/de\/wp-json\/wp\/v2\/pages\/5\/revisions"}],"wp:attachment":[{"href":"https:\/\/www.hotelmontebianco.com\/de\/wp-json\/wp\/v2\/media?parent=5"}],"curies":[{"name":"wp","href":"https:\/\/api.w.org\/{rel}","templated":true}]}}